{"id":44,"date":"2018-03-17T08:40:47","date_gmt":"2018-03-17T08:40:47","guid":{"rendered":"https:\/\/intelmu.com\/?page_id=44"},"modified":"2022-02-06T13:34:55","modified_gmt":"2022-02-06T12:34:55","slug":"internet","status":"publish","type":"page","link":"https:\/\/intelmu.com\/?page_id=44","title":{"rendered":"Internet"},"content":{"rendered":"\t\t<div data-elementor-type=\"wp-post\" data-elementor-id=\"44\" class=\"elementor elementor-44\">\n\t\t\t\t\t\t<section class=\"elementor-section elementor-top-section elementor-element elementor-element-b685e24 elementor-section-boxed elementor-section-height-default elementor-section-height-default elementor-invisible\" data-id=\"b685e24\" data-element_type=\"section\" data-e-type=\"section\" data-settings=\"{&quot;animation&quot;:&quot;fadeIn&quot;}\">\n\t\t\t\t\t\t<div class=\"elementor-container elementor-column-gap-default\">\n\t\t\t\t\t<div class=\"elementor-column elementor-col-50 elementor-top-column elementor-element elementor-element-1c60c96\" data-id=\"1c60c96\" data-element_type=\"column\" data-e-type=\"column\">\n\t\t\t<div class=\"elementor-widget-wrap elementor-element-populated\">\n\t\t\t\t\t\t<section class=\"elementor-section elementor-inner-section elementor-element elementor-element-d2978a4 elementor-section-boxed elementor-section-height-default elementor-section-height-default\" data-id=\"d2978a4\" data-element_type=\"section\" data-e-type=\"section\">\n\t\t\t\t\t\t<div class=\"elementor-container elementor-column-gap-default\">\n\t\t\t\t\t<div class=\"elementor-column elementor-col-50 elementor-inner-column elementor-element elementor-element-d22fd4e\" data-id=\"d22fd4e\" data-element_type=\"column\" data-e-type=\"column\">\n\t\t\t<div class=\"elementor-widget-wrap elementor-element-populated\">\n\t\t\t\t\t\t<div class=\"elementor-element elementor-element-ead69bb elementor-widget elementor-widget-image\" data-id=\"ead69bb\" data-element_type=\"widget\" data-e-type=\"widget\" data-widget_type=\"image.default\">\n\t\t\t\t<div class=\"elementor-widget-container\">\n\t\t\t\t\t\t\t\t\t\t\t\t\t\t\t<img decoding=\"async\" src=\"https:\/\/intelmu.com\/wp-content\/uploads\/2022\/02\/domain-icon-19-75x75.png\" title=\"domain-icon-19\" alt=\"domain-icon-19\" loading=\"lazy\" \/>\t\t\t\t\t\t\t\t\t\t\t\t\t\t\t<\/div>\n\t\t\t\t<\/div>\n\t\t\t\t\t<\/div>\n\t\t<\/div>\n\t\t\t\t<div class=\"elementor-column elementor-col-50 elementor-inner-column elementor-element elementor-element-f6933ac\" data-id=\"f6933ac\" data-element_type=\"column\" data-e-type=\"column\">\n\t\t\t<div class=\"elementor-widget-wrap elementor-element-populated\">\n\t\t\t\t\t\t<div class=\"elementor-element elementor-element-1056144 elementor-widget elementor-widget-heading\" data-id=\"1056144\" data-element_type=\"widget\" data-e-type=\"widget\" data-widget_type=\"heading.default\">\n\t\t\t\t<div class=\"elementor-widget-container\">\n\t\t\t\t\t<h3 class=\"elementor-heading-title elementor-size-default\">Registro de dominios<\/h3>\t\t\t\t<\/div>\n\t\t\t\t<\/div>\n\t\t\t\t\t<\/div>\n\t\t<\/div>\n\t\t\t\t\t<\/div>\n\t\t<\/section>\n\t\t\t\t<div class=\"elementor-element elementor-element-68787c5 elementor-widget elementor-widget-text-editor\" data-id=\"68787c5\" data-element_type=\"widget\" data-e-type=\"widget\" data-widget_type=\"text-editor.default\">\n\t\t\t\t<div class=\"elementor-widget-container\">\n\t\t\t\t\t\t\t\t\t<p>Registramos su dominio y hacemos su seguimiento anual.<\/p><p>Tambi\u00e9n podemos registrar dominios y gestionar su traslado.<br \/> Gestionamos dominios regionales y gen\u00e9ricos.<\/p><p>.es |.com|.net|.org|.info|.biz|.com.es|.org.es|.nom.es<br \/> .eu |.mobil|.tel|.co|.pro|.cat|<\/p>\t\t\t\t\t\t\t\t<\/div>\n\t\t\t\t<\/div>\n\t\t\t\t\t<\/div>\n\t\t<\/div>\n\t\t\t\t<div class=\"elementor-column elementor-col-50 elementor-top-column elementor-element elementor-element-160df92\" data-id=\"160df92\" data-element_type=\"column\" data-e-type=\"column\">\n\t\t\t<div class=\"elementor-widget-wrap elementor-element-populated\">\n\t\t\t\t\t\t<section class=\"elementor-section elementor-inner-section elementor-element elementor-element-ef116cd elementor-section-boxed elementor-section-height-default elementor-section-height-default\" data-id=\"ef116cd\" data-element_type=\"section\" data-e-type=\"section\">\n\t\t\t\t\t\t<div class=\"elementor-container elementor-column-gap-default\">\n\t\t\t\t\t<div class=\"elementor-column elementor-col-50 elementor-inner-column elementor-element elementor-element-46ba088\" data-id=\"46ba088\" data-element_type=\"column\" data-e-type=\"column\">\n\t\t\t<div class=\"elementor-widget-wrap elementor-element-populated\">\n\t\t\t\t\t\t<div class=\"elementor-element elementor-element-37b4ba1 elementor-widget elementor-widget-image\" data-id=\"37b4ba1\" data-element_type=\"widget\" data-e-type=\"widget\" data-widget_type=\"image.default\">\n\t\t\t\t<div class=\"elementor-widget-container\">\n\t\t\t\t\t\t\t\t\t\t\t\t\t\t\t<img decoding=\"async\" src=\"https:\/\/intelmu.com\/wp-content\/uploads\/2022\/02\/web-server-icon-15-75x75.png\" title=\"web-server-icon-15\" alt=\"web-server-icon-15\" loading=\"lazy\" \/>\t\t\t\t\t\t\t\t\t\t\t\t\t\t\t<\/div>\n\t\t\t\t<\/div>\n\t\t\t\t\t<\/div>\n\t\t<\/div>\n\t\t\t\t<div class=\"elementor-column elementor-col-50 elementor-inner-column elementor-element elementor-element-e2f960a\" data-id=\"e2f960a\" data-element_type=\"column\" data-e-type=\"column\">\n\t\t\t<div class=\"elementor-widget-wrap elementor-element-populated\">\n\t\t\t\t\t\t<div class=\"elementor-element elementor-element-f421804 elementor-widget elementor-widget-heading\" data-id=\"f421804\" data-element_type=\"widget\" data-e-type=\"widget\" data-widget_type=\"heading.default\">\n\t\t\t\t<div class=\"elementor-widget-container\">\n\t\t\t\t\t<h3 class=\"elementor-heading-title elementor-size-default\">Servidores VPS<\/h3>\t\t\t\t<\/div>\n\t\t\t\t<\/div>\n\t\t\t\t\t<\/div>\n\t\t<\/div>\n\t\t\t\t\t<\/div>\n\t\t<\/section>\n\t\t\t\t<div class=\"elementor-element elementor-element-918b781 elementor-widget elementor-widget-text-editor\" data-id=\"918b781\" data-element_type=\"widget\" data-e-type=\"widget\" data-widget_type=\"text-editor.default\">\n\t\t\t\t<div class=\"elementor-widget-container\">\n\t\t\t\t\t\t\t\t\t<p>Con nuestros VPS Administrados, nosotros nos encargamos de toda la gesti\u00f3n y administraci\u00f3n tanto a nivel de hardware como software de su vps. Usted dispondr\u00e1 del sencillo panel Parallels Plesk para realizar todas las tareas de su servidor.<\/p><p>Disponemos de vps con Microsoft Windows y otros con <br \/>Linux en sus distribuciones de Centos y Ubuntu.<\/p>\t\t\t\t\t\t\t\t<\/div>\n\t\t\t\t<\/div>\n\t\t\t\t\t<\/div>\n\t\t<\/div>\n\t\t\t\t\t<\/div>\n\t\t<\/section>\n\t\t\t\t<section class=\"elementor-section elementor-top-section elementor-element elementor-element-837ce79 elementor-section-boxed elementor-section-height-default elementor-section-height-default elementor-invisible\" data-id=\"837ce79\" data-element_type=\"section\" data-e-type=\"section\" data-settings=\"{&quot;animation&quot;:&quot;fadeIn&quot;}\">\n\t\t\t\t\t\t<div class=\"elementor-container elementor-column-gap-default\">\n\t\t\t\t\t<div class=\"elementor-column elementor-col-50 elementor-top-column elementor-element elementor-element-dc18a43\" data-id=\"dc18a43\" data-element_type=\"column\" data-e-type=\"column\">\n\t\t\t<div class=\"elementor-widget-wrap elementor-element-populated\">\n\t\t\t\t\t\t<section class=\"elementor-section elementor-inner-section elementor-element elementor-element-eb32ee2 elementor-section-boxed elementor-section-height-default elementor-section-height-default\" data-id=\"eb32ee2\" data-element_type=\"section\" data-e-type=\"section\">\n\t\t\t\t\t\t<div class=\"elementor-container elementor-column-gap-default\">\n\t\t\t\t\t<div class=\"elementor-column elementor-col-50 elementor-inner-column elementor-element elementor-element-645ecac\" data-id=\"645ecac\" data-element_type=\"column\" data-e-type=\"column\">\n\t\t\t<div class=\"elementor-widget-wrap elementor-element-populated\">\n\t\t\t\t\t\t<div class=\"elementor-element elementor-element-b41ddc8 elementor-widget elementor-widget-image\" data-id=\"b41ddc8\" data-element_type=\"widget\" data-e-type=\"widget\" data-widget_type=\"image.default\">\n\t\t\t\t<div class=\"elementor-widget-container\">\n\t\t\t\t\t\t\t\t\t\t\t\t\t\t\t<img decoding=\"async\" src=\"https:\/\/intelmu.com\/wp-content\/uploads\/2022\/02\/cms-75x75.png\" title=\"cms\" alt=\"cms\" loading=\"lazy\" \/>\t\t\t\t\t\t\t\t\t\t\t\t\t\t\t<\/div>\n\t\t\t\t<\/div>\n\t\t\t\t\t<\/div>\n\t\t<\/div>\n\t\t\t\t<div class=\"elementor-column elementor-col-50 elementor-inner-column elementor-element elementor-element-a8ba433\" data-id=\"a8ba433\" data-element_type=\"column\" data-e-type=\"column\">\n\t\t\t<div class=\"elementor-widget-wrap elementor-element-populated\">\n\t\t\t\t\t\t<div class=\"elementor-element elementor-element-bdd502c elementor-widget elementor-widget-heading\" data-id=\"bdd502c\" data-element_type=\"widget\" data-e-type=\"widget\" data-widget_type=\"heading.default\">\n\t\t\t\t<div class=\"elementor-widget-container\">\n\t\t\t\t\t<h3 class=\"elementor-heading-title elementor-size-default\">Creaci\u00f3n web CMS<\/h3>\t\t\t\t<\/div>\n\t\t\t\t<\/div>\n\t\t\t\t\t<\/div>\n\t\t<\/div>\n\t\t\t\t\t<\/div>\n\t\t<\/section>\n\t\t\t\t<div class=\"elementor-element elementor-element-afdf9cd elementor-widget elementor-widget-text-editor\" data-id=\"afdf9cd\" data-element_type=\"widget\" data-e-type=\"widget\" data-widget_type=\"text-editor.default\">\n\t\t\t\t<div class=\"elementor-widget-container\">\n\t\t\t\t\t\t\t\t\t<p>Creamos p\u00e1ginas web con los CMS m\u00e1s populares, Joomla y WordPress.<\/p><p>Tambi\u00e9n implementamos e-comerce con Prestashop y Virtuemart.<\/p>\t\t\t\t\t\t\t\t<\/div>\n\t\t\t\t<\/div>\n\t\t\t\t\t<\/div>\n\t\t<\/div>\n\t\t\t\t<div class=\"elementor-column elementor-col-50 elementor-top-column elementor-element elementor-element-852c6e8\" data-id=\"852c6e8\" data-element_type=\"column\" data-e-type=\"column\">\n\t\t\t<div class=\"elementor-widget-wrap elementor-element-populated\">\n\t\t\t\t\t\t<section class=\"elementor-section elementor-inner-section elementor-element elementor-element-85b2bad elementor-section-boxed elementor-section-height-default elementor-section-height-default\" data-id=\"85b2bad\" data-element_type=\"section\" data-e-type=\"section\">\n\t\t\t\t\t\t<div class=\"elementor-container elementor-column-gap-default\">\n\t\t\t\t\t<div class=\"elementor-column elementor-col-50 elementor-inner-column elementor-element elementor-element-301cfe3\" data-id=\"301cfe3\" data-element_type=\"column\" data-e-type=\"column\">\n\t\t\t<div class=\"elementor-widget-wrap elementor-element-populated\">\n\t\t\t\t\t\t<div class=\"elementor-element elementor-element-7e74e81 elementor-widget elementor-widget-image\" data-id=\"7e74e81\" data-element_type=\"widget\" data-e-type=\"widget\" data-widget_type=\"image.default\">\n\t\t\t\t<div class=\"elementor-widget-container\">\n\t\t\t\t\t\t\t\t\t\t\t\t\t\t\t<img decoding=\"async\" src=\"https:\/\/intelmu.com\/wp-content\/uploads\/2022\/02\/virtualserverc-75x75.png\" title=\"virtualserver\u00e7\" alt=\"virtualserver\u00e7\" loading=\"lazy\" \/>\t\t\t\t\t\t\t\t\t\t\t\t\t\t\t<\/div>\n\t\t\t\t<\/div>\n\t\t\t\t\t<\/div>\n\t\t<\/div>\n\t\t\t\t<div class=\"elementor-column elementor-col-50 elementor-inner-column elementor-element elementor-element-19b98df\" data-id=\"19b98df\" data-element_type=\"column\" data-e-type=\"column\">\n\t\t\t<div class=\"elementor-widget-wrap elementor-element-populated\">\n\t\t\t\t\t\t<div class=\"elementor-element elementor-element-68c4406 elementor-widget elementor-widget-heading\" data-id=\"68c4406\" data-element_type=\"widget\" data-e-type=\"widget\" data-widget_type=\"heading.default\">\n\t\t\t\t<div class=\"elementor-widget-container\">\n\t\t\t\t\t<h3 class=\"elementor-heading-title elementor-size-default\">Servidores virtualizados<\/h3>\t\t\t\t<\/div>\n\t\t\t\t<\/div>\n\t\t\t\t\t<\/div>\n\t\t<\/div>\n\t\t\t\t\t<\/div>\n\t\t<\/section>\n\t\t\t\t<div class=\"elementor-element elementor-element-466ed70 elementor-widget elementor-widget-text-editor\" data-id=\"466ed70\" data-element_type=\"widget\" data-e-type=\"widget\" data-widget_type=\"text-editor.default\">\n\t\t\t\t<div class=\"elementor-widget-container\">\n\t\t\t\t\t\t\t\t\t<p style=\"text-align: left;\">Si tiene necesidades de servidores virtualizados, disponemos de datacenter en Madrid para dar servicio nacional.<\/p><p>Todos los servidores usan discos ssd.<\/p>\t\t\t\t\t\t\t\t<\/div>\n\t\t\t\t<\/div>\n\t\t\t\t\t<\/div>\n\t\t<\/div>\n\t\t\t\t\t<\/div>\n\t\t<\/section>\n\t\t\t\t<section class=\"elementor-section elementor-top-section elementor-element elementor-element-0e286bb elementor-section-boxed elementor-section-height-default elementor-section-height-default elementor-invisible\" data-id=\"0e286bb\" data-element_type=\"section\" data-e-type=\"section\" data-settings=\"{&quot;animation&quot;:&quot;fadeIn&quot;}\">\n\t\t\t\t\t\t<div class=\"elementor-container elementor-column-gap-default\">\n\t\t\t\t\t<div class=\"elementor-column elementor-col-33 elementor-top-column elementor-element elementor-element-6cdcf2a\" data-id=\"6cdcf2a\" data-element_type=\"column\" data-e-type=\"column\">\n\t\t\t<div class=\"elementor-widget-wrap elementor-element-populated\">\n\t\t\t\t\t\t<div class=\"elementor-element elementor-element-8419317 elementor-widget elementor-widget-image\" data-id=\"8419317\" data-element_type=\"widget\" data-e-type=\"widget\" data-widget_type=\"image.default\">\n\t\t\t\t<div class=\"elementor-widget-container\">\n\t\t\t\t\t\t\t\t\t\t\t\t\t\t\t<img decoding=\"async\" width=\"150\" height=\"93\" src=\"https:\/\/intelmu.com\/wp-content\/uploads\/2018\/03\/wordpress.png\" class=\"attachment-zerif-post-thumbnail-large-mobile size-zerif-post-thumbnail-large-mobile wp-image-299\" alt=\"\" \/>\t\t\t\t\t\t\t\t\t\t\t\t\t\t\t<\/div>\n\t\t\t\t<\/div>\n\t\t\t\t\t<\/div>\n\t\t<\/div>\n\t\t\t\t<div class=\"elementor-column elementor-col-33 elementor-top-column elementor-element elementor-element-4f9739a\" data-id=\"4f9739a\" data-element_type=\"column\" data-e-type=\"column\">\n\t\t\t<div class=\"elementor-widget-wrap elementor-element-populated\">\n\t\t\t\t\t\t<div class=\"elementor-element elementor-element-941c889 elementor-widget elementor-widget-image\" data-id=\"941c889\" data-element_type=\"widget\" data-e-type=\"widget\" data-widget_type=\"image.default\">\n\t\t\t\t<div class=\"elementor-widget-container\">\n\t\t\t\t\t\t\t\t\t\t\t\t\t\t\t<img decoding=\"async\" width=\"300\" height=\"112\" src=\"https:\/\/intelmu.com\/wp-content\/uploads\/2022\/02\/psh-300x112.png\" class=\"attachment-medium size-medium wp-image-1839\" alt=\"\" srcset=\"https:\/\/intelmu.com\/wp-content\/uploads\/2022\/02\/psh-300x112.png 300w, https:\/\/intelmu.com\/wp-content\/uploads\/2022\/02\/psh-370x138.png 370w, https:\/\/intelmu.com\/wp-content\/uploads\/2022\/02\/psh.png 637w\" sizes=\"(max-width: 300px) 100vw, 300px\" \/>\t\t\t\t\t\t\t\t\t\t\t\t\t\t\t<\/div>\n\t\t\t\t<\/div>\n\t\t\t\t\t<\/div>\n\t\t<\/div>\n\t\t\t\t<div class=\"elementor-column elementor-col-33 elementor-top-column elementor-element elementor-element-0d40833\" data-id=\"0d40833\" data-element_type=\"column\" data-e-type=\"column\">\n\t\t\t<div class=\"elementor-widget-wrap elementor-element-populated\">\n\t\t\t\t\t\t<div class=\"elementor-element elementor-element-caeed69 elementor-widget elementor-widget-image\" data-id=\"caeed69\" data-element_type=\"widget\" data-e-type=\"widget\" data-widget_type=\"image.default\">\n\t\t\t\t<div class=\"elementor-widget-container\">\n\t\t\t\t\t\t\t\t\t\t\t\t\t\t\t<img decoding=\"async\" width=\"151\" height=\"109\" src=\"https:\/\/intelmu.com\/wp-content\/uploads\/2018\/03\/joomla.png\" class=\"attachment-large size-large wp-image-300\" alt=\"\" srcset=\"https:\/\/intelmu.com\/wp-content\/uploads\/2018\/03\/joomla.png 151w, https:\/\/intelmu.com\/wp-content\/uploads\/2018\/03\/joomla-150x109.png 150w\" sizes=\"(max-width: 151px) 100vw, 151px\" \/>\t\t\t\t\t\t\t\t\t\t\t\t\t\t\t<\/div>\n\t\t\t\t<\/div>\n\t\t\t\t\t<\/div>\n\t\t<\/div>\n\t\t\t\t\t<\/div>\n\t\t<\/section>\n\t\t\t\t<section class=\"elementor-section elementor-top-section elementor-element elementor-element-ea5846f elementor-section-boxed elementor-section-height-default elementor-section-height-default\" data-id=\"ea5846f\" data-element_type=\"section\" data-e-type=\"section\">\n\t\t\t\t\t\t<div class=\"elementor-container elementor-column-gap-default\">\n\t\t\t\t\t<div class=\"elementor-column elementor-col-100 elementor-top-column elementor-element elementor-element-3afe1f4\" data-id=\"3afe1f4\" data-element_type=\"column\" data-e-type=\"column\">\n\t\t\t<div class=\"elementor-widget-wrap elementor-element-populated\">\n\t\t\t\t\t\t<div class=\"elementor-element elementor-element-a1e7794 elementor-widget-divider--view-line elementor-widget elementor-widget-divider\" data-id=\"a1e7794\" data-element_type=\"widget\" data-e-type=\"widget\" data-widget_type=\"divider.default\">\n\t\t\t\t<div class=\"elementor-widget-container\">\n\t\t\t\t\t\t\t<div class=\"elementor-divider\">\n\t\t\t<span class=\"elementor-divider-separator\">\n\t\t\t\t\t\t<\/span>\n\t\t<\/div>\n\t\t\t\t\t\t<\/div>\n\t\t\t\t<\/div>\n\t\t\t\t\t<\/div>\n\t\t<\/div>\n\t\t\t\t\t<\/div>\n\t\t<\/section>\n\t\t\t\t<section class=\"elementor-section elementor-top-section elementor-element elementor-element-ddac6ca elementor-section-boxed elementor-section-height-default elementor-section-height-default elementor-invisible\" data-id=\"ddac6ca\" data-element_type=\"section\" data-e-type=\"section\" data-settings=\"{&quot;animation&quot;:&quot;fadeIn&quot;}\">\n\t\t\t\t\t\t<div class=\"elementor-container elementor-column-gap-default\">\n\t\t\t\t\t<div class=\"elementor-column elementor-col-50 elementor-top-column elementor-element elementor-element-cb3251d\" data-id=\"cb3251d\" data-element_type=\"column\" data-e-type=\"column\">\n\t\t\t<div class=\"elementor-widget-wrap elementor-element-populated\">\n\t\t\t\t\t\t<div class=\"elementor-element elementor-element-b6486cd elementor-widget elementor-widget-heading\" data-id=\"b6486cd\" data-element_type=\"widget\" data-e-type=\"widget\" data-widget_type=\"heading.default\">\n\t\t\t\t<div class=\"elementor-widget-container\">\n\t\t\t\t\t<h2 class=\"elementor-heading-title elementor-size-default\"><span style=\"font-family: Cairo;font-style: normal;font-weight: 400;text-align: center;white-space: normal;font-size: 16pt\"><span style=\"font-weight: bolder\">HOSTING WEB<\/span><\/span><span style=\"font-family: Cairo;font-size: 16px;font-style: normal;font-weight: 400;text-align: center;white-space: normal\"><\/span><br style=\"font-family: Cairo;font-size: 16px;font-weight: 400;text-align: center;white-space: normal\"><span style=\"font-family: Cairo;font-size: 16px;font-style: normal;font-weight: 400;text-align: center;white-space: normal\">R\u00c1PIDO, F\u00c1CIL Y SEGURO<\/span><\/h2>\t\t\t\t<\/div>\n\t\t\t\t<\/div>\n\t\t\t\t\t<\/div>\n\t\t<\/div>\n\t\t\t\t<div class=\"elementor-column elementor-col-50 elementor-top-column elementor-element elementor-element-5ee84c9\" data-id=\"5ee84c9\" data-element_type=\"column\" data-e-type=\"column\">\n\t\t\t<div class=\"elementor-widget-wrap elementor-element-populated\">\n\t\t\t\t\t\t<div class=\"elementor-element elementor-element-801c5af elementor-widget elementor-widget-text-editor\" data-id=\"801c5af\" data-element_type=\"widget\" data-e-type=\"widget\" data-widget_type=\"text-editor.default\">\n\t\t\t\t<div class=\"elementor-widget-container\">\n\t\t\t\t\t\t\t\t\t<p><strong><span style=\"color: #000000;\">Hosting M<\/span><\/strong><\/p><p>Dominio gratis<br \/>Soporte 24 x 7<br \/>5 cuentas de correo<br \/>1 Web<br \/>25 GB espacio SSD<\/p><p>A partir de 5\u20ac \/ mes.<\/p>\t\t\t\t\t\t\t\t<\/div>\n\t\t\t\t<\/div>\n\t\t\t\t\t<\/div>\n\t\t<\/div>\n\t\t\t\t\t<\/div>\n\t\t<\/section>\n\t\t\t\t<section class=\"elementor-section elementor-top-section elementor-element elementor-element-0be14c7 elementor-section-boxed elementor-section-height-default elementor-section-height-default elementor-invisible\" data-id=\"0be14c7\" data-element_type=\"section\" data-e-type=\"section\" data-settings=\"{&quot;animation&quot;:&quot;fadeIn&quot;}\">\n\t\t\t\t\t\t<div class=\"elementor-container elementor-column-gap-default\">\n\t\t\t\t\t<div class=\"elementor-column elementor-col-50 elementor-top-column elementor-element elementor-element-c92faf8\" data-id=\"c92faf8\" data-element_type=\"column\" data-e-type=\"column\">\n\t\t\t<div class=\"elementor-widget-wrap elementor-element-populated\">\n\t\t\t\t\t\t<div class=\"elementor-element elementor-element-73a4675 elementor-widget elementor-widget-heading\" data-id=\"73a4675\" data-element_type=\"widget\" data-e-type=\"widget\" data-widget_type=\"heading.default\">\n\t\t\t\t<div class=\"elementor-widget-container\">\n\t\t\t\t\t<h2 class=\"elementor-heading-title elementor-size-default\"><span style=\"font-family: Cairo;font-style: normal;font-weight: 400;text-align: center;white-space: normal;font-size: 16pt\"><span style=\"font-weight: bolder\">VPS SSD<\/span><\/span><span style=\"font-family: Cairo;font-size: 16px;font-style: normal;font-weight: 400;text-align: center;white-space: normal\"><\/span><br style=\"font-family: Cairo;font-size: 16px;font-weight: 400;text-align: center;white-space: normal\"><span style=\"font-family: Cairo;font-size: 16px;font-style: normal;font-weight: 400;text-align: center;white-space: normal\">PARA QUE TUS WEBS VUELEN<\/span><\/h2>\t\t\t\t<\/div>\n\t\t\t\t<\/div>\n\t\t\t\t\t<\/div>\n\t\t<\/div>\n\t\t\t\t<div class=\"elementor-column elementor-col-50 elementor-top-column elementor-element elementor-element-6b33135\" data-id=\"6b33135\" data-element_type=\"column\" data-e-type=\"column\">\n\t\t\t<div class=\"elementor-widget-wrap elementor-element-populated\">\n\t\t\t\t\t\t<div class=\"elementor-element elementor-element-10abc0a elementor-widget elementor-widget-text-editor\" data-id=\"10abc0a\" data-element_type=\"widget\" data-e-type=\"widget\" data-widget_type=\"text-editor.default\">\n\t\t\t\t<div class=\"elementor-widget-container\">\n\t\t\t\t\t\t\t\t\t<p><strong>VPS M<\/strong><\/p><p>Soporte 24&#215;7<br \/>4 GB RAM<br \/>Procesador 2 cores<br \/>50 GB espacio SSD<br \/>Plesk o cPanel<\/p><p>A partir de 30\u20ac \/ mes<\/p>\t\t\t\t\t\t\t\t<\/div>\n\t\t\t\t<\/div>\n\t\t\t\t\t<\/div>\n\t\t<\/div>\n\t\t\t\t\t<\/div>\n\t\t<\/section>\n\t\t\t\t<section class=\"elementor-section elementor-top-section elementor-element elementor-element-184913b elementor-section-boxed elementor-section-height-default elementor-section-height-default elementor-invisible\" data-id=\"184913b\" data-element_type=\"section\" data-e-type=\"section\" data-settings=\"{&quot;animation&quot;:&quot;fadeIn&quot;}\">\n\t\t\t\t\t\t<div class=\"elementor-container elementor-column-gap-default\">\n\t\t\t\t\t<div class=\"elementor-column elementor-col-50 elementor-top-column elementor-element elementor-element-5b486a6\" data-id=\"5b486a6\" data-element_type=\"column\" data-e-type=\"column\">\n\t\t\t<div class=\"elementor-widget-wrap elementor-element-populated\">\n\t\t\t\t\t\t<div class=\"elementor-element elementor-element-1904ec4 elementor-widget elementor-widget-heading\" data-id=\"1904ec4\" data-element_type=\"widget\" data-e-type=\"widget\" data-widget_type=\"heading.default\">\n\t\t\t\t<div class=\"elementor-widget-container\">\n\t\t\t\t\t<h2 class=\"elementor-heading-title elementor-size-default\"><span style=\"font-family: Cairo;font-style: normal;font-weight: 400;text-align: center;white-space: normal;font-size: 16pt\"><span style=\"font-weight: bolder\">SERVIDORES CLOUD<\/span><\/span><span style=\"font-family: Cairo;font-size: 16px;font-style: normal;font-weight: 400;text-align: center;white-space: normal\"><\/span><br style=\"font-family: Cairo;font-size: 16px;font-weight: 400;text-align: center;white-space: normal\"><span style=\"font-family: Cairo;font-size: 16px;font-style: normal;font-weight: 400;text-align: center;white-space: normal\">ALTA DISPONIBILIDAD<\/span><\/h2>\t\t\t\t<\/div>\n\t\t\t\t<\/div>\n\t\t\t\t\t<\/div>\n\t\t<\/div>\n\t\t\t\t<div class=\"elementor-column elementor-col-50 elementor-top-column elementor-element elementor-element-e53f4b4\" data-id=\"e53f4b4\" data-element_type=\"column\" data-e-type=\"column\">\n\t\t\t<div class=\"elementor-widget-wrap elementor-element-populated\">\n\t\t\t\t\t\t<div class=\"elementor-element elementor-element-80669cd elementor-widget elementor-widget-text-editor\" data-id=\"80669cd\" data-element_type=\"widget\" data-e-type=\"widget\" data-widget_type=\"text-editor.default\">\n\t\t\t\t<div class=\"elementor-widget-container\">\n\t\t\t\t\t\t\t\t\t<p><strong>Cloud M<\/strong><\/p><p>Soporte 24&#215;7<br \/>24 GB RAM<br \/>Procesador 8 cores<br \/>400 GB espacio SSD<\/p><p>A partir de 100\u20ac \/ mes<\/p>\t\t\t\t\t\t\t\t<\/div>\n\t\t\t\t<\/div>\n\t\t\t\t\t<\/div>\n\t\t<\/div>\n\t\t\t\t\t<\/div>\n\t\t<\/section>\n\t\t\t\t<\/div>\n\t\t","protected":false},"excerpt":{"rendered":"<p>Registro de dominios Registramos su dominio y hacemos su seguimiento anual. Tambi\u00e9n podemos registrar dominios y gestionar su traslado. Gestionamos dominios regionales y gen\u00e9ricos. .es |.com|.net|.org|.info|.biz|.com.es|.org.es|.nom.es .eu |.mobil|.tel|.co|.pro|.cat| Servidores VPS Con nuestros VPS Administrados, nosotros nos encargamos de toda la gesti\u00f3n y administraci\u00f3n tanto a nivel de hardware como software de su vps. Usted dispondr\u00e1 <a href=\"https:\/\/intelmu.com\/?page_id=44\" rel=\"nofollow\"><span class=\"sr-only\">Leer m\u00e1sInternet<\/span>[&hellip;]<\/a><\/p>\n","protected":false},"author":1,"featured_media":0,"parent":0,"menu_order":0,"comment_status":"closed","ping_status":"closed","template":"template-fullwidth.php","meta":{"footnotes":""},"class_list":["post-44","page","type-page","status-publish","hentry"],"amp_enabled":false,"_links":{"self":[{"href":"https:\/\/intelmu.com\/index.php?rest_route=\/wp\/v2\/pages\/44","targetHints":{"allow":["GET"]}}],"collection":[{"href":"https:\/\/intelmu.com\/index.php?rest_route=\/wp\/v2\/pages"}],"about":[{"href":"https:\/\/intelmu.com\/index.php?rest_route=\/wp\/v2\/types\/page"}],"author":[{"embeddable":true,"href":"https:\/\/intelmu.com\/index.php?rest_route=\/wp\/v2\/users\/1"}],"replies":[{"embeddable":true,"href":"https:\/\/intelmu.com\/index.php?rest_route=%2Fwp%2Fv2%2Fcomments&post=44"}],"version-history":[{"count":74,"href":"https:\/\/intelmu.com\/index.php?rest_route=\/wp\/v2\/pages\/44\/revisions"}],"predecessor-version":[{"id":1854,"href":"https:\/\/intelmu.com\/index.php?rest_route=\/wp\/v2\/pages\/44\/revisions\/1854"}],"wp:attachment":[{"href":"https:\/\/intelmu.com\/index.php?rest_route=%2Fwp%2Fv2%2Fmedia&parent=44"}],"curies":[{"name":"wp","href":"https:\/\/api.w.org\/{rel}","templated":true}]}}