{"id":84,"date":"2018-03-17T12:23:21","date_gmt":"2018-03-17T11:23:21","guid":{"rendered":"https:\/\/intelmu.com\/?page_id=84"},"modified":"2022-02-06T18:55:29","modified_gmt":"2022-02-06T17:55:29","slug":"office-365","status":"publish","type":"page","link":"https:\/\/intelmu.com\/?page_id=84","title":{"rendered":"Office 365"},"content":{"rendered":"\t\t<div data-elementor-type=\"wp-post\" data-elementor-id=\"84\" class=\"elementor elementor-84\">\n\t\t\t\t\t\t<section class=\"elementor-section elementor-top-section elementor-element elementor-element-958a828 elementor-section-boxed elementor-section-height-default elementor-section-height-default elementor-invisible\" data-id=\"958a828\" data-element_type=\"section\" data-e-type=\"section\" data-settings=\"{&quot;animation&quot;:&quot;fadeIn&quot;}\">\n\t\t\t\t\t\t<div class=\"elementor-container elementor-column-gap-default\">\n\t\t\t\t\t<div class=\"elementor-column elementor-col-100 elementor-top-column elementor-element elementor-element-2fd86cb\" data-id=\"2fd86cb\" data-element_type=\"column\" data-e-type=\"column\">\n\t\t\t<div class=\"elementor-widget-wrap elementor-element-populated\">\n\t\t\t\t\t\t<div class=\"elementor-element elementor-element-7905b2e elementor-widget elementor-widget-heading\" data-id=\"7905b2e\" data-element_type=\"widget\" data-e-type=\"widget\" data-widget_type=\"heading.default\">\n\t\t\t\t<div class=\"elementor-widget-container\">\n\t\t\t\t\t<h2 class=\"elementor-heading-title elementor-size-default\">Distintos planes de Microsoft365 para empresas<\/h2>\t\t\t\t<\/div>\n\t\t\t\t<\/div>\n\t\t\t\t\t<\/div>\n\t\t<\/div>\n\t\t\t\t\t<\/div>\n\t\t<\/section>\n\t\t\t\t<section class=\"elementor-section elementor-top-section elementor-element elementor-element-1b9c0b1 elementor-section-boxed elementor-section-height-default elementor-section-height-default elementor-invisible\" data-id=\"1b9c0b1\" data-element_type=\"section\" data-e-type=\"section\" data-settings=\"{&quot;animation&quot;:&quot;fadeIn&quot;}\">\n\t\t\t\t\t\t<div class=\"elementor-container elementor-column-gap-default\">\n\t\t\t\t\t<div class=\"elementor-column elementor-col-100 elementor-top-column elementor-element elementor-element-fdc72ca\" data-id=\"fdc72ca\" data-element_type=\"column\" data-e-type=\"column\">\n\t\t\t<div class=\"elementor-widget-wrap elementor-element-populated\">\n\t\t\t\t\t\t<div class=\"elementor-element elementor-element-e6aba39 elementor-widget elementor-widget-image\" data-id=\"e6aba39\" data-element_type=\"widget\" data-e-type=\"widget\" data-widget_type=\"image.default\">\n\t\t\t\t<div class=\"elementor-widget-container\">\n\t\t\t\t\t\t\t\t\t\t\t\t\t\t\t<img fetchpriority=\"high\" decoding=\"async\" width=\"1024\" height=\"641\" src=\"https:\/\/intelmu.com\/wp-content\/uploads\/2022\/02\/office_full_2022-1024x641.jpg\" class=\"attachment-large size-large wp-image-1492\" alt=\"\" srcset=\"https:\/\/intelmu.com\/wp-content\/uploads\/2022\/02\/office_full_2022-1024x641.jpg 1024w, https:\/\/intelmu.com\/wp-content\/uploads\/2022\/02\/office_full_2022-300x188.jpg 300w, https:\/\/intelmu.com\/wp-content\/uploads\/2022\/02\/office_full_2022-768x480.jpg 768w, https:\/\/intelmu.com\/wp-content\/uploads\/2022\/02\/office_full_2022-770x482.jpg 770w, https:\/\/intelmu.com\/wp-content\/uploads\/2022\/02\/office_full_2022-370x231.jpg 370w, https:\/\/intelmu.com\/wp-content\/uploads\/2022\/02\/office_full_2022.jpg 1330w\" sizes=\"(max-width: 1024px) 100vw, 1024px\" \/>\t\t\t\t\t\t\t\t\t\t\t\t\t\t\t<\/div>\n\t\t\t\t<\/div>\n\t\t\t\t\t<\/div>\n\t\t<\/div>\n\t\t\t\t\t<\/div>\n\t\t<\/section>\n\t\t\t\t<section class=\"elementor-section elementor-top-section elementor-element elementor-element-f109c26 elementor-section-boxed elementor-section-height-default elementor-section-height-default elementor-invisible\" data-id=\"f109c26\" data-element_type=\"section\" data-e-type=\"section\" data-settings=\"{&quot;animation&quot;:&quot;fadeIn&quot;}\">\n\t\t\t\t\t\t<div class=\"elementor-container elementor-column-gap-default\">\n\t\t\t\t\t<div class=\"elementor-column elementor-col-50 elementor-top-column elementor-element elementor-element-4fe28c1\" data-id=\"4fe28c1\" data-element_type=\"column\" data-e-type=\"column\">\n\t\t\t<div class=\"elementor-widget-wrap elementor-element-populated\">\n\t\t\t\t\t\t<div class=\"elementor-element elementor-element-f63f2e9 elementor-widget elementor-widget-image\" data-id=\"f63f2e9\" data-element_type=\"widget\" data-e-type=\"widget\" data-widget_type=\"image.default\">\n\t\t\t\t<div class=\"elementor-widget-container\">\n\t\t\t\t\t\t\t\t\t\t\t\t\t\t\t<img decoding=\"async\" width=\"150\" height=\"150\" src=\"https:\/\/intelmu.com\/wp-content\/uploads\/2022\/02\/teams-150x150.jpeg\" class=\"attachment-thumbnail size-thumbnail wp-image-1968\" alt=\"\" srcset=\"https:\/\/intelmu.com\/wp-content\/uploads\/2022\/02\/teams-150x150.jpeg 150w, https:\/\/intelmu.com\/wp-content\/uploads\/2022\/02\/teams-75x75.jpeg 75w\" sizes=\"(max-width: 150px) 100vw, 150px\" \/>\t\t\t\t\t\t\t\t\t\t\t\t\t\t\t<\/div>\n\t\t\t\t<\/div>\n\t\t\t\t\t<\/div>\n\t\t<\/div>\n\t\t\t\t<div class=\"elementor-column elementor-col-50 elementor-top-column elementor-element elementor-element-06e6877\" data-id=\"06e6877\" data-element_type=\"column\" data-e-type=\"column\">\n\t\t\t<div class=\"elementor-widget-wrap elementor-element-populated\">\n\t\t\t\t\t\t<div class=\"elementor-element elementor-element-7c5eb5e elementor-widget elementor-widget-text-editor\" data-id=\"7c5eb5e\" data-element_type=\"widget\" data-e-type=\"widget\" data-widget_type=\"text-editor.default\">\n\t\t\t\t<div class=\"elementor-widget-container\">\n\t\t\t\t\t\t\t\t\t<p><strong>Microsoft Teams<\/strong>\u00a0es una aplicaci\u00f3n de colaboraci\u00f3n en grupo que forma parte de <strong>Office 365<\/strong>, y que tenemos disponible para trabajar con cuentas corporativas\/educativas. Como todas las aplicaciones de Office 365, est\u00e1 disponible para PC con Windows, Mac, y dispositivos m\u00f3viles (Android e IOS), y puede accederse desde la web, o desde las aplicaciones nativas para los sistemas indicados.<\/p><p><strong>MSTeams nos permite:<\/strong><\/p><ul><li>Reunir un equipo en una zona com\u00fan.<\/li><li>Usar el chat en lugar del correo electr\u00f3nico.<\/li><li>Modificar archivos de forma segura al mismo tiempo.<\/li><li>Ver me gusta, @mentiones y respuestas con tan solo un toque.<\/li><li>Personalizarlo agregando notas, sitios web y aplicaciones.<\/li><\/ul><p><strong><span class=\"titulo\">Recursos formativos<\/span><\/strong><\/p><ul><li><a class=\"external-link\" href=\"https:\/\/www.microsoft.com\/videoplayer\/embed\/97f7105e-484d-4462-8278-c7f9a45a3dcc?autoplay=true\" rel=\"nofollow\">V\u00eddeo con las nociones b\u00e1sicas de Teams<\/a>.<\/li><li><a class=\"external-link\" href=\"https:\/\/docs.microsoft.com\/es-es\/microsoftteams\/microsoft-teams#pivot=home&amp;panel=home-all\" rel=\"nofollow\">Documentaci\u00f3n t\u00e9cnica de Teams<\/a>.<\/li><li><a class=\"external-link\" href=\"https:\/\/docs.microsoft.com\/es-es\/microsoftteams\/enduser-training\" rel=\"nofollow\">Formaci\u00f3n del usuario final para Teams<\/a>.<\/li><li><a class=\"external-link\" href=\"https:\/\/educationblog.microsoft.com\/en-us\/2020\/03\/how-schools-can-ramp-up-remote-learning-programs-quickly-with-microsoft-teams\/\" rel=\"nofollow\">Profundizando en Teams<\/a>.<\/li><\/ul>\t\t\t\t\t\t\t\t<\/div>\n\t\t\t\t<\/div>\n\t\t\t\t\t<\/div>\n\t\t<\/div>\n\t\t\t\t\t<\/div>\n\t\t<\/section>\n\t\t\t\t<section class=\"elementor-section elementor-top-section elementor-element elementor-element-1df113e elementor-section-boxed elementor-section-height-default elementor-section-height-default elementor-invisible\" data-id=\"1df113e\" data-element_type=\"section\" data-e-type=\"section\" data-settings=\"{&quot;animation&quot;:&quot;fadeIn&quot;}\">\n\t\t\t\t\t\t<div class=\"elementor-container elementor-column-gap-default\">\n\t\t\t\t\t<div class=\"elementor-column elementor-col-100 elementor-top-column elementor-element elementor-element-fcd6ed1\" data-id=\"fcd6ed1\" data-element_type=\"column\" data-e-type=\"column\">\n\t\t\t<div class=\"elementor-widget-wrap elementor-element-populated\">\n\t\t\t\t\t\t<div class=\"elementor-element elementor-element-a9edc28 elementor-widget elementor-widget-heading\" data-id=\"a9edc28\" data-element_type=\"widget\" data-e-type=\"widget\" data-widget_type=\"heading.default\">\n\t\t\t\t<div class=\"elementor-widget-container\">\n\t\t\t\t\t<h2 class=\"elementor-heading-title elementor-size-default\">Especializaci\u00f3n de nuestro servicio<\/h2>\t\t\t\t<\/div>\n\t\t\t\t<\/div>\n\t\t\t\t\t<\/div>\n\t\t<\/div>\n\t\t\t\t\t<\/div>\n\t\t<\/section>\n\t\t\t\t<section class=\"elementor-section elementor-top-section elementor-element elementor-element-cccb931 elementor-section-boxed elementor-section-height-default elementor-section-height-default elementor-invisible\" data-id=\"cccb931\" data-element_type=\"section\" data-e-type=\"section\" data-settings=\"{&quot;animation&quot;:&quot;fadeIn&quot;}\">\n\t\t\t\t\t\t<div class=\"elementor-container elementor-column-gap-default\">\n\t\t\t\t\t<div class=\"elementor-column elementor-col-50 elementor-top-column elementor-element elementor-element-094fae6\" data-id=\"094fae6\" data-element_type=\"column\" data-e-type=\"column\">\n\t\t\t<div class=\"elementor-widget-wrap elementor-element-populated\">\n\t\t\t\t\t\t<div class=\"elementor-element elementor-element-f7d980a elementor-widget elementor-widget-image\" data-id=\"f7d980a\" data-element_type=\"widget\" data-e-type=\"widget\" data-widget_type=\"image.default\">\n\t\t\t\t<div class=\"elementor-widget-container\">\n\t\t\t\t\t\t\t\t\t\t\t\t\t\t\t<img decoding=\"async\" width=\"300\" height=\"182\" src=\"https:\/\/intelmu.com\/wp-content\/uploads\/2022\/02\/gobernanza365-300x182.jpg\" class=\"attachment-medium size-medium wp-image-1504\" alt=\"\" srcset=\"https:\/\/intelmu.com\/wp-content\/uploads\/2022\/02\/gobernanza365-300x182.jpg 300w, https:\/\/intelmu.com\/wp-content\/uploads\/2022\/02\/gobernanza365-370x225.jpg 370w, https:\/\/intelmu.com\/wp-content\/uploads\/2022\/02\/gobernanza365.jpg 443w\" sizes=\"(max-width: 300px) 100vw, 300px\" \/>\t\t\t\t\t\t\t\t\t\t\t\t\t\t\t<\/div>\n\t\t\t\t<\/div>\n\t\t\t\t\t<\/div>\n\t\t<\/div>\n\t\t\t\t<div class=\"elementor-column elementor-col-50 elementor-top-column elementor-element elementor-element-2a0cfde\" data-id=\"2a0cfde\" data-element_type=\"column\" data-e-type=\"column\">\n\t\t\t<div class=\"elementor-widget-wrap elementor-element-populated\">\n\t\t\t\t\t\t<div class=\"elementor-element elementor-element-d24db35 elementor-widget elementor-widget-heading\" data-id=\"d24db35\" data-element_type=\"widget\" data-e-type=\"widget\" data-widget_type=\"heading.default\">\n\t\t\t\t<div class=\"elementor-widget-container\">\n\t\t\t\t\t<h2 class=\"elementor-heading-title elementor-size-medium\">Tipos de mantenimientos\n<\/h2>\t\t\t\t<\/div>\n\t\t\t\t<\/div>\n\t\t\t\t<div class=\"elementor-element elementor-element-85ff763 elementor-widget-divider--view-line elementor-widget elementor-widget-divider\" data-id=\"85ff763\" data-element_type=\"widget\" data-e-type=\"widget\" data-widget_type=\"divider.default\">\n\t\t\t\t<div class=\"elementor-widget-container\">\n\t\t\t\t\t\t\t<div class=\"elementor-divider\">\n\t\t\t<span class=\"elementor-divider-separator\">\n\t\t\t\t\t\t<\/span>\n\t\t<\/div>\n\t\t\t\t\t\t<\/div>\n\t\t\t\t<\/div>\n\t\t\t\t<div class=\"elementor-element elementor-element-fab7cd8 elementor-widget elementor-widget-text-editor\" data-id=\"fab7cd8\" data-element_type=\"widget\" data-e-type=\"widget\" data-widget_type=\"text-editor.default\">\n\t\t\t\t<div class=\"elementor-widget-container\">\n\t\t\t\t\t\t\t\t\t<p><strong>Resolutivo<\/strong> : Cubre la <span style=\"color: #ff9900;\"><strong>resoluci\u00f3n de incidencias<\/strong><\/span> sobre las aplicaciones y su plataforma, debido al malfuncionamiento de una caracter\u00edstica determinada de la soluci\u00f3n ya en producci\u00f3n. Este mantenimiento se realiza de forma reactiva ante la detecci\u00f3n de un error\/incidencia y la notificaci\u00f3n pertinente por parte de los usuarios.<\/p>\t\t\t\t\t\t\t\t<\/div>\n\t\t\t\t<\/div>\n\t\t\t\t<div class=\"elementor-element elementor-element-82e8d88 elementor-widget-divider--view-line elementor-widget elementor-widget-divider\" data-id=\"82e8d88\" data-element_type=\"widget\" data-e-type=\"widget\" data-widget_type=\"divider.default\">\n\t\t\t\t<div class=\"elementor-widget-container\">\n\t\t\t\t\t\t\t<div class=\"elementor-divider\">\n\t\t\t<span class=\"elementor-divider-separator\">\n\t\t\t\t\t\t<\/span>\n\t\t<\/div>\n\t\t\t\t\t\t<\/div>\n\t\t\t\t<\/div>\n\t\t\t\t<div class=\"elementor-element elementor-element-49406fb elementor-widget elementor-widget-text-editor\" data-id=\"49406fb\" data-element_type=\"widget\" data-e-type=\"widget\" data-widget_type=\"text-editor.default\">\n\t\t\t\t<div class=\"elementor-widget-container\">\n\t\t\t\t\t\t\t\t\t<p style=\"text-align: left;\"><strong>Apoyo<\/strong> : Tiene como objetivo el apoyo al<span style=\"color: #ff9900;\"><strong> departamento interno <\/strong><\/span>respecto al sistema, servicios y plataforma donde est\u00e1n desplegadas las aplicaciones a mantener. Definiendo y ejecutando actividades preventivas y de monitorizaci\u00f3n.<\/p>\t\t\t\t\t\t\t\t<\/div>\n\t\t\t\t<\/div>\n\t\t\t\t<div class=\"elementor-element elementor-element-30a8dcc elementor-widget-divider--view-line elementor-widget elementor-widget-divider\" data-id=\"30a8dcc\" data-element_type=\"widget\" data-e-type=\"widget\" data-widget_type=\"divider.default\">\n\t\t\t\t<div class=\"elementor-widget-container\">\n\t\t\t\t\t\t\t<div class=\"elementor-divider\">\n\t\t\t<span class=\"elementor-divider-separator\">\n\t\t\t\t\t\t<\/span>\n\t\t<\/div>\n\t\t\t\t\t\t<\/div>\n\t\t\t\t<\/div>\n\t\t\t\t<div class=\"elementor-element elementor-element-adfb38b elementor-widget elementor-widget-text-editor\" data-id=\"adfb38b\" data-element_type=\"widget\" data-e-type=\"widget\" data-widget_type=\"text-editor.default\">\n\t\t\t\t<div class=\"elementor-widget-container\">\n\t\t\t\t\t\t\t\t\t<p><strong>Seguimiento<\/strong> : Contemplan la <span style=\"color: #ff9900;\"><strong>implementaci\u00f3n<\/strong><\/span> tanto de cambios funcionales, como a la incorporaci\u00f3n de nuevos, y en todos los casos comprende el an\u00e1lisis de la soluci\u00f3n. Una vez obtenida la validaci\u00f3n funcional se procede a su despliegue en un entorno de previo con el objetivo de asegurar la calidad y estabilidad.<\/p>\t\t\t\t\t\t\t\t<\/div>\n\t\t\t\t<\/div>\n\t\t\t\t<div class=\"elementor-element elementor-element-ac3cb76 elementor-widget-divider--view-line elementor-widget elementor-widget-divider\" data-id=\"ac3cb76\" data-element_type=\"widget\" data-e-type=\"widget\" data-widget_type=\"divider.default\">\n\t\t\t\t<div class=\"elementor-widget-container\">\n\t\t\t\t\t\t\t<div class=\"elementor-divider\">\n\t\t\t<span class=\"elementor-divider-separator\">\n\t\t\t\t\t\t<\/span>\n\t\t<\/div>\n\t\t\t\t\t\t<\/div>\n\t\t\t\t<\/div>\n\t\t\t\t\t<\/div>\n\t\t<\/div>\n\t\t\t\t\t<\/div>\n\t\t<\/section>\n\t\t\t\t<section class=\"elementor-section elementor-top-section elementor-element elementor-element-df40e38 elementor-section-boxed elementor-section-height-default elementor-section-height-default elementor-invisible\" data-id=\"df40e38\" data-element_type=\"section\" data-e-type=\"section\" data-settings=\"{&quot;animation&quot;:&quot;fadeIn&quot;}\">\n\t\t\t\t\t\t<div class=\"elementor-container elementor-column-gap-default\">\n\t\t\t\t\t<div class=\"elementor-column elementor-col-50 elementor-top-column elementor-element elementor-element-0370f11\" data-id=\"0370f11\" data-element_type=\"column\" data-e-type=\"column\">\n\t\t\t<div class=\"elementor-widget-wrap elementor-element-populated\">\n\t\t\t\t\t\t<div class=\"elementor-element elementor-element-52014b5 elementor-widget elementor-widget-image\" data-id=\"52014b5\" data-element_type=\"widget\" data-e-type=\"widget\" data-widget_type=\"image.default\">\n\t\t\t\t<div class=\"elementor-widget-container\">\n\t\t\t\t\t\t\t\t\t\t\t\t\t\t\t<img loading=\"lazy\" decoding=\"async\" width=\"150\" height=\"150\" src=\"https:\/\/intelmu.com\/wp-content\/uploads\/2022\/02\/sharepoint-1-150x150.jpg\" class=\"attachment-thumbnail size-thumbnail wp-image-1514\" alt=\"\" srcset=\"https:\/\/intelmu.com\/wp-content\/uploads\/2022\/02\/sharepoint-1-150x150.jpg 150w, https:\/\/intelmu.com\/wp-content\/uploads\/2022\/02\/sharepoint-1-300x300.jpg 300w, https:\/\/intelmu.com\/wp-content\/uploads\/2022\/02\/sharepoint-1-250x250.jpg 250w, https:\/\/intelmu.com\/wp-content\/uploads\/2022\/02\/sharepoint-1-174x174.jpg 174w, https:\/\/intelmu.com\/wp-content\/uploads\/2022\/02\/sharepoint-1-370x371.jpg 370w, https:\/\/intelmu.com\/wp-content\/uploads\/2022\/02\/sharepoint-1-75x75.jpg 75w, https:\/\/intelmu.com\/wp-content\/uploads\/2022\/02\/sharepoint-1.jpg 462w\" sizes=\"(max-width: 150px) 100vw, 150px\" \/>\t\t\t\t\t\t\t\t\t\t\t\t\t\t\t<\/div>\n\t\t\t\t<\/div>\n\t\t\t\t\t<\/div>\n\t\t<\/div>\n\t\t\t\t<div class=\"elementor-column elementor-col-50 elementor-top-column elementor-element elementor-element-0272bbb\" data-id=\"0272bbb\" data-element_type=\"column\" data-e-type=\"column\">\n\t\t\t<div class=\"elementor-widget-wrap elementor-element-populated\">\n\t\t\t\t\t\t<div class=\"elementor-element elementor-element-91ae73e elementor-widget elementor-widget-heading\" data-id=\"91ae73e\" data-element_type=\"widget\" data-e-type=\"widget\" data-widget_type=\"heading.default\">\n\t\t\t\t<div class=\"elementor-widget-container\">\n\t\t\t\t\t<h2 class=\"elementor-heading-title elementor-size-medium\">\u00bfQu\u00e9 es Sharepoint?<\/h2>\t\t\t\t<\/div>\n\t\t\t\t<\/div>\n\t\t\t\t<div class=\"elementor-element elementor-element-5865fc3 elementor-widget elementor-widget-text-editor\" data-id=\"5865fc3\" data-element_type=\"widget\" data-e-type=\"widget\" data-widget_type=\"text-editor.default\">\n\t\t\t\t<div class=\"elementor-widget-container\">\n\t\t\t\t\t\t\t\t\t<p>Se trata de un conjunto de herramientas de Microsoft que incluyen gran cantidad de funcionalidades y modelos que permiten, de forma \u00e1gil, flexibe y escalable, construir soluciones de intranet, portal del empleado, portales web con una potente gesti\u00f3n de contenidos, extranets y sitios de colaboraci\u00f3n con clientes y proveedores, gestiones de calidad o de incidencias y peticiones, o de proyectos, o de lanzamientos de productos, o de comit\u00e9s, a la vez que cuadros de mando integral, gestiones de proceso basadas en solicitud de todo tipo, frontales web de aplicaci\u00f3n y de backoffices, y un sin fin de soluciones empresariales que tengan que ver con la colaboraci\u00f3n, la comunicaci\u00f3n, la gesti\u00f3n del conocimiento y la inteligencia de negocio.<\/p>\t\t\t\t\t\t\t\t<\/div>\n\t\t\t\t<\/div>\n\t\t\t\t<div class=\"elementor-element elementor-element-f7d2c1a elementor-widget-divider--view-line elementor-widget elementor-widget-divider\" data-id=\"f7d2c1a\" data-element_type=\"widget\" data-e-type=\"widget\" data-widget_type=\"divider.default\">\n\t\t\t\t<div class=\"elementor-widget-container\">\n\t\t\t\t\t\t\t<div class=\"elementor-divider\">\n\t\t\t<span class=\"elementor-divider-separator\">\n\t\t\t\t\t\t<\/span>\n\t\t<\/div>\n\t\t\t\t\t\t<\/div>\n\t\t\t\t<\/div>\n\t\t\t\t<div class=\"elementor-element elementor-element-c59cff4 elementor-widget elementor-widget-text-editor\" data-id=\"c59cff4\" data-element_type=\"widget\" data-e-type=\"widget\" data-widget_type=\"text-editor.default\">\n\t\t\t\t<div class=\"elementor-widget-container\">\n\t\t\t\t\t\t\t\t\t<p><span style=\"color: #ff9900;\">SharePoint<\/span> permite la creaci\u00f3n de dos tipos de sitios:<\/p><p><strong>Sitio de grupo<\/strong> : para conectar a personas de un mismo equipo o sitio de comunicaci\u00f3n para llegar a un p\u00fablico m\u00e1s amplio en toda la organizaci\u00f3n.<\/p><p>El sitio de grupo proporciona una ubicaci\u00f3n concreta en la que un grupo de personas<br \/>pueden trabajar en un proyecto concreto y compartir informaci\u00f3n desde cualquier<br \/>lugar con cualquier dispositivo. Son grupos cerrados, la informaci\u00f3n se limita s\u00f3lo a<br \/>los miembros del grupo o participantes espec\u00edficos.<\/p><p><strong>Sitio de comunicaci\u00f3n<\/strong>: para difundir informaci\u00f3n, compartir noticias, informes,<br \/>estados, etc. a una audiencia amplia en un formato visualmente atractivo. S\u00f3lo<br \/>genera contenido un peque\u00f1o conjunto de miembros y es un p\u00fablico mucho mayor<br \/>quien lo consulta.<\/p><p><br \/><br \/><\/p>\t\t\t\t\t\t\t\t<\/div>\n\t\t\t\t<\/div>\n\t\t\t\t\t<\/div>\n\t\t<\/div>\n\t\t\t\t\t<\/div>\n\t\t<\/section>\n\t\t\t\t<section class=\"elementor-section elementor-top-section elementor-element elementor-element-4b44458 elementor-section-boxed elementor-section-height-default elementor-section-height-default\" data-id=\"4b44458\" data-element_type=\"section\" data-e-type=\"section\">\n\t\t\t\t\t\t<div class=\"elementor-container elementor-column-gap-default\">\n\t\t\t\t\t<div class=\"elementor-column elementor-col-100 elementor-top-column elementor-element elementor-element-c3eda06\" data-id=\"c3eda06\" data-element_type=\"column\" data-e-type=\"column\">\n\t\t\t<div class=\"elementor-widget-wrap\">\n\t\t\t\t\t\t\t<\/div>\n\t\t<\/div>\n\t\t\t\t\t<\/div>\n\t\t<\/section>\n\t\t\t\t<\/div>\n\t\t","protected":false},"excerpt":{"rendered":"<p>Distintos planes de Microsoft365 para empresas Microsoft Teams\u00a0es una aplicaci\u00f3n de colaboraci\u00f3n en grupo que forma parte de Office 365, y que tenemos disponible para trabajar con cuentas corporativas\/educativas. Como todas las aplicaciones de Office 365, est\u00e1 disponible para PC con Windows, Mac, y dispositivos m\u00f3viles (Android e IOS), y puede accederse desde la web, <a href=\"https:\/\/intelmu.com\/?page_id=84\" rel=\"nofollow\"><span class=\"sr-only\">Leer m\u00e1sOffice 365<\/span>[&hellip;]<\/a><\/p>\n","protected":false},"author":1,"featured_media":0,"parent":0,"menu_order":0,"comment_status":"closed","ping_status":"closed","template":"template-fullwidth.php","meta":{"footnotes":""},"class_list":["post-84","page","type-page","status-publish","hentry"],"amp_enabled":false,"_links":{"self":[{"href":"https:\/\/intelmu.com\/index.php?rest_route=\/wp\/v2\/pages\/84","targetHints":{"allow":["GET"]}}],"collection":[{"href":"https:\/\/intelmu.com\/index.php?rest_route=\/wp\/v2\/pages"}],"about":[{"href":"https:\/\/intelmu.com\/index.php?rest_route=\/wp\/v2\/types\/page"}],"author":[{"embeddable":true,"href":"https:\/\/intelmu.com\/index.php?rest_route=\/wp\/v2\/users\/1"}],"replies":[{"embeddable":true,"href":"https:\/\/intelmu.com\/index.php?rest_route=%2Fwp%2Fv2%2Fcomments&post=84"}],"version-history":[{"count":108,"href":"https:\/\/intelmu.com\/index.php?rest_route=\/wp\/v2\/pages\/84\/revisions"}],"predecessor-version":[{"id":2122,"href":"https:\/\/intelmu.com\/index.php?rest_route=\/wp\/v2\/pages\/84\/revisions\/2122"}],"wp:attachment":[{"href":"https:\/\/intelmu.com\/index.php?rest_route=%2Fwp%2Fv2%2Fmedia&parent=84"}],"curies":[{"name":"wp","href":"https:\/\/api.w.org\/{rel}","templated":true}]}}